{"id":10996,"date":"2023-11-17T20:00:24","date_gmt":"2023-11-17T19:00:24","guid":{"rendered":"https:\/\/planho.com\/inicio-2\/"},"modified":"2026-03-03T21:33:38","modified_gmt":"2026-03-03T20:33:38","slug":"inicio-2","status":"publish","type":"page","link":"https:\/\/planho.com\/fr\/","title":{"rendered":"Portada FR"},"content":{"rendered":"","protected":false},"excerpt":{"rendered":"","protected":false},"author":3,"featured_media":0,"parent":0,"menu_order":5,"comment_status":"closed","ping_status":"closed","template":"","meta":{"_acf_changed":false,"footnotes":""},"class_list":["post-10996","page","type-page","status-publish","hentry"],"acf":[],"yoast_head":"<!-- This site is optimized with the Yoast SEO plugin v27.3 - https:\/\/yoast.com\/product\/yoast-seo-wordpress\/ -->\n<title>PLANHO &#8226; Architecture, planification et ing\u00e9nierie hospitali\u00e8re<\/title>\n<meta name=\"description\" content=\"Architecture, planification et ing\u00e9nierie pour les h\u00f4pitaux et les b\u00e2timents de recherche, d\u2019enseignement ou \u00e0 caract\u00e8re institutionnel.\" \/>\n<meta name=\"robots\" content=\"index, follow, max-snippet:-1, max-image-preview:large, max-video-preview:-1\" \/>\n<link rel=\"canonical\" href=\"https:\/\/planho.com\/fr\/\" \/>\n<meta property=\"og:locale\" content=\"fr_FR\" \/>\n<meta property=\"og:type\" content=\"article\" \/>\n<meta property=\"og:title\" content=\"PLANHO &#8226; Architecture, planification et ing\u00e9nierie hospitali\u00e8re\" \/>\n<meta property=\"og:description\" content=\"Architecture, planification et ing\u00e9nierie pour les h\u00f4pitaux et les b\u00e2timents de recherche, d\u2019enseignement ou \u00e0 caract\u00e8re institutionnel.\" \/>\n<meta property=\"og:url\" content=\"https:\/\/planho.com\/fr\/\" \/>\n<meta property=\"og:site_name\" content=\"PLANHO\" \/>\n<meta property=\"article:publisher\" content=\"https:\/\/www.facebook.com\/profile.php?id=100063625540412\" \/>\n<meta property=\"article:modified_time\" content=\"2026-03-03T20:33:38+00:00\" \/>\n<meta property=\"og:image\" content=\"https:\/\/planho.com\/wp-content\/uploads\/2025\/02\/planho_grupo_01_ret_opt.jpg\" \/>\n\t<meta property=\"og:image:width\" content=\"2500\" \/>\n\t<meta property=\"og:image:height\" content=\"1510\" \/>\n\t<meta property=\"og:image:type\" content=\"image\/jpeg\" \/>\n<meta name=\"twitter:card\" content=\"summary_large_image\" \/>\n<script type=\"application\/ld+json\" class=\"yoast-schema-graph\">{\"@context\":\"https:\\\/\\\/schema.org\",\"@graph\":[{\"@type\":\"WebPage\",\"@id\":\"https:\\\/\\\/planho.com\\\/fr\\\/\",\"url\":\"https:\\\/\\\/planho.com\\\/fr\\\/\",\"name\":\"PLANHO &#8226; Architecture, planification et ing\u00e9nierie hospitali\u00e8re\",\"isPartOf\":{\"@id\":\"https:\\\/\\\/planho.com\\\/fr\\\/#website\"},\"datePublished\":\"2023-11-17T19:00:24+00:00\",\"dateModified\":\"2026-03-03T20:33:38+00:00\",\"description\":\"Architecture, planification et ing\u00e9nierie pour les h\u00f4pitaux et les b\u00e2timents de recherche, d\u2019enseignement ou \u00e0 caract\u00e8re institutionnel.\",\"inLanguage\":\"fr-FR\",\"potentialAction\":[{\"@type\":\"ReadAction\",\"target\":[\"https:\\\/\\\/planho.com\\\/fr\\\/\"]}]},{\"@type\":\"WebSite\",\"@id\":\"https:\\\/\\\/planho.com\\\/fr\\\/#website\",\"url\":\"https:\\\/\\\/planho.com\\\/fr\\\/\",\"name\":\"PLANHO Arquitectura e Ingenier\u00eda Hospitalaria\",\"description\":\"Architecture et ing\u00e9nierie hospitali\u00e8re\",\"publisher\":{\"@id\":\"https:\\\/\\\/planho.com\\\/fr\\\/#organization\"},\"alternateName\":\"PLANHO\",\"potentialAction\":[{\"@type\":\"SearchAction\",\"target\":{\"@type\":\"EntryPoint\",\"urlTemplate\":\"https:\\\/\\\/planho.com\\\/fr\\\/?s={search_term_string}\"},\"query-input\":{\"@type\":\"PropertyValueSpecification\",\"valueRequired\":true,\"valueName\":\"search_term_string\"}}],\"inLanguage\":\"fr-FR\"},{\"@type\":\"Organization\",\"@id\":\"https:\\\/\\\/planho.com\\\/fr\\\/#organization\",\"name\":\"PLANHO Arquitectura e Ingenier\u00eda Hospitalaria\",\"alternateName\":\"PLANHO\",\"url\":\"https:\\\/\\\/planho.com\\\/fr\\\/\",\"logo\":{\"@type\":\"ImageObject\",\"inLanguage\":\"fr-FR\",\"@id\":\"https:\\\/\\\/planho.com\\\/fr\\\/#\\\/schema\\\/logo\\\/image\\\/\",\"url\":\"https:\\\/\\\/planho.com\\\/wp-content\\\/uploads\\\/2026\\\/03\\\/android-icon-144x144-1.png\",\"contentUrl\":\"https:\\\/\\\/planho.com\\\/wp-content\\\/uploads\\\/2026\\\/03\\\/android-icon-144x144-1.png\",\"width\":144,\"height\":144,\"caption\":\"PLANHO Arquitectura e Ingenier\u00eda Hospitalaria\"},\"image\":{\"@id\":\"https:\\\/\\\/planho.com\\\/fr\\\/#\\\/schema\\\/logo\\\/image\\\/\"},\"sameAs\":[\"https:\\\/\\\/www.facebook.com\\\/profile.php?id=100063625540412\",\"https:\\\/\\\/www.linkedin.com\\\/company\\\/planhoconsultores\\\/\"]}]}<\/script>\n<!-- \/ Yoast SEO plugin. -->","yoast_head_json":{"title":"PLANHO &#8226; Architecture, planification et ing\u00e9nierie hospitali\u00e8re","description":"Architecture, planification et ing\u00e9nierie pour les h\u00f4pitaux et les b\u00e2timents de recherche, d\u2019enseignement ou \u00e0 caract\u00e8re institutionnel.","robots":{"index":"index","follow":"follow","max-snippet":"max-snippet:-1","max-image-preview":"max-image-preview:large","max-video-preview":"max-video-preview:-1"},"canonical":"https:\/\/planho.com\/fr\/","og_locale":"fr_FR","og_type":"article","og_title":"PLANHO &#8226; Architecture, planification et ing\u00e9nierie hospitali\u00e8re","og_description":"Architecture, planification et ing\u00e9nierie pour les h\u00f4pitaux et les b\u00e2timents de recherche, d\u2019enseignement ou \u00e0 caract\u00e8re institutionnel.","og_url":"https:\/\/planho.com\/fr\/","og_site_name":"PLANHO","article_publisher":"https:\/\/www.facebook.com\/profile.php?id=100063625540412","article_modified_time":"2026-03-03T20:33:38+00:00","og_image":[{"width":2500,"height":1510,"url":"https:\/\/planho.com\/wp-content\/uploads\/2025\/02\/planho_grupo_01_ret_opt.jpg","type":"image\/jpeg"}],"twitter_card":"summary_large_image","schema":{"@context":"https:\/\/schema.org","@graph":[{"@type":"WebPage","@id":"https:\/\/planho.com\/fr\/","url":"https:\/\/planho.com\/fr\/","name":"PLANHO &#8226; Architecture, planification et ing\u00e9nierie hospitali\u00e8re","isPartOf":{"@id":"https:\/\/planho.com\/fr\/#website"},"datePublished":"2023-11-17T19:00:24+00:00","dateModified":"2026-03-03T20:33:38+00:00","description":"Architecture, planification et ing\u00e9nierie pour les h\u00f4pitaux et les b\u00e2timents de recherche, d\u2019enseignement ou \u00e0 caract\u00e8re institutionnel.","inLanguage":"fr-FR","potentialAction":[{"@type":"ReadAction","target":["https:\/\/planho.com\/fr\/"]}]},{"@type":"WebSite","@id":"https:\/\/planho.com\/fr\/#website","url":"https:\/\/planho.com\/fr\/","name":"PLANHO Arquitectura e Ingenier\u00eda Hospitalaria","description":"Architecture et ing\u00e9nierie hospitali\u00e8re","publisher":{"@id":"https:\/\/planho.com\/fr\/#organization"},"alternateName":"PLANHO","potentialAction":[{"@type":"SearchAction","target":{"@type":"EntryPoint","urlTemplate":"https:\/\/planho.com\/fr\/?s={search_term_string}"},"query-input":{"@type":"PropertyValueSpecification","valueRequired":true,"valueName":"search_term_string"}}],"inLanguage":"fr-FR"},{"@type":"Organization","@id":"https:\/\/planho.com\/fr\/#organization","name":"PLANHO Arquitectura e Ingenier\u00eda Hospitalaria","alternateName":"PLANHO","url":"https:\/\/planho.com\/fr\/","logo":{"@type":"ImageObject","inLanguage":"fr-FR","@id":"https:\/\/planho.com\/fr\/#\/schema\/logo\/image\/","url":"https:\/\/planho.com\/wp-content\/uploads\/2026\/03\/android-icon-144x144-1.png","contentUrl":"https:\/\/planho.com\/wp-content\/uploads\/2026\/03\/android-icon-144x144-1.png","width":144,"height":144,"caption":"PLANHO Arquitectura e Ingenier\u00eda Hospitalaria"},"image":{"@id":"https:\/\/planho.com\/fr\/#\/schema\/logo\/image\/"},"sameAs":["https:\/\/www.facebook.com\/profile.php?id=100063625540412","https:\/\/www.linkedin.com\/company\/planhoconsultores\/"]}]}},"_links":{"self":[{"href":"https:\/\/planho.com\/fr\/wp-json\/wp\/v2\/pages\/10996","targetHints":{"allow":["GET"]}}],"collection":[{"href":"https:\/\/planho.com\/fr\/wp-json\/wp\/v2\/pages"}],"about":[{"href":"https:\/\/planho.com\/fr\/wp-json\/wp\/v2\/types\/page"}],"author":[{"embeddable":true,"href":"https:\/\/planho.com\/fr\/wp-json\/wp\/v2\/users\/3"}],"replies":[{"embeddable":true,"href":"https:\/\/planho.com\/fr\/wp-json\/wp\/v2\/comments?post=10996"}],"version-history":[{"count":0,"href":"https:\/\/planho.com\/fr\/wp-json\/wp\/v2\/pages\/10996\/revisions"}],"wp:attachment":[{"href":"https:\/\/planho.com\/fr\/wp-json\/wp\/v2\/media?parent=10996"}],"curies":[{"name":"wp","href":"https:\/\/api.w.org\/{rel}","templated":true}]}}