{"id":10998,"date":"2022-06-16T18:42:21","date_gmt":"2022-06-16T16:42:21","guid":{"rendered":"https:\/\/planho.com\/nosotros\/"},"modified":"2026-03-03T21:15:17","modified_gmt":"2026-03-03T20:15:17","slug":"nous","status":"publish","type":"page","link":"https:\/\/planho.com\/fr\/nous\/","title":{"rendered":"Nous"},"content":{"rendered":"<div class=\"pixcode  pixcode--grid  grid  \">\n\n<div class=\"grid__item lap-six-twelfths\">\n\n<p><span class=\"planho\">Planho<\/span> est fond\u00e9e en 1997 par <strong><a rel=\"noopener noreferrer\" target=\"_blank\" href=\"https:\/\/planho.com\/fr\/emiliano-rodriguez\/?lang=fr\">Emiliano Rodr\u00edguez<\/a><\/strong> et <strong><a rel=\"noopener noreferrer\" target=\"_blank\" href=\"https:\/\/planho.com\/fr\/enrique-vallecillos\/?lang=fr\">Enrique Vallecillos<\/a><\/strong> avec l\u2019objectif d\u2019apporter une vision globale et humaine \u00e0 la planification et \u00e0 la conception de b\u00e2timents complexes, tant sur le plan technique que fonctionnel. Sp\u00e9cialis\u00e9s dans les h\u00f4pitaux, notre champ d\u2019action s\u2019\u00e9tend \u00e9galement aux b\u00e2timents de recherche et d\u2019enseignement ainsi qu\u2019aux infrastructures urbaines et institutionnelles.<\/p>\n<p>Notre m\u00e9thode de travail, fond\u00e9e sur la recherche et l\u2019exp\u00e9rience, implique le client, l\u2019utilisateur et les experts d\u00e8s le d\u00e9but du processus de conception. L\u2019\u00e9quilibre d\u00e9licat entre complexit\u00e9 et fonctionnalit\u00e9, ainsi que le poids des installations et \u00e9quipements de haute technologie, nous am\u00e8nent \u00e0 travailler dans un processus continu, pluridisciplinaire et collaboratif, combinant en permanence rigueur technique et approche humaine.<br \/>\n\n<\/div>\n\n<div class=\"grid__item lap-six-twelfths\">\n\n<p>Les projets de <span class=\"planho\">Planho<\/span> vont des petites interventions de r\u00e9am\u00e9nagement int\u00e9rieur \u00e0 la planification strat\u00e9gique bas\u00e9e sur des indicateurs sanitaires, des \u00e9tudes de population et la r\u00e9organisation g\u00e9ographique des ressources et infrastructures de sant\u00e9.<\/p>\n<p>Chez <span class=\"planho\">Planho<\/span>, nous sommes plus de 30 professionnels, architectes et ing\u00e9nieurs, couvrant toutes les phases du projet, de la conception pr\u00e9liminaire \u00e0 la direction et \u00e0 la gestion des travaux.<\/p>\n<p>Notre activit\u00e9 s\u2019\u00e9tend \u00e9galement au domaine de l\u2019enseignement et de la diffusion, avec une participation r\u00e9guli\u00e8re \u00e0 des congr\u00e8s et s\u00e9minaires, ainsi qu\u2019un engagement dans des masters et des formations sp\u00e9cialis\u00e9es.<br \/>\n\n<\/div>\n\n\n<\/div>\n<\/div>\n","protected":false},"excerpt":{"rendered":"","protected":false},"author":3,"featured_media":0,"parent":0,"menu_order":9,"comment_status":"closed","ping_status":"closed","template":"","meta":{"_acf_changed":false,"footnotes":""},"class_list":["post-10998","page","type-page","status-publish","hentry"],"acf":[],"yoast_head":"<!-- This site is optimized with the Yoast SEO plugin v27.3 - https:\/\/yoast.com\/product\/yoast-seo-wordpress\/ -->\n<title>Nous &#8226; PLANHO Architecture et ing\u00e9nierie hospitali\u00e8re<\/title>\n<meta name=\"description\" content=\"Planho maintient des standards de qualit\u00e9 \u00e9lev\u00e9s pour r\u00e9pondre aux besoins de ses clients, avec les certifications ISO 9001 et 14001.\" \/>\n<meta name=\"robots\" content=\"index, follow, max-snippet:-1, max-image-preview:large, max-video-preview:-1\" \/>\n<link rel=\"canonical\" href=\"https:\/\/planho.com\/fr\/nous\/\" \/>\n<meta property=\"og:locale\" content=\"fr_FR\" \/>\n<meta property=\"og:type\" content=\"article\" \/>\n<meta property=\"og:title\" content=\"Nous &#8226; PLANHO Architecture et ing\u00e9nierie hospitali\u00e8re\" \/>\n<meta property=\"og:description\" content=\"Planho maintient des standards de qualit\u00e9 \u00e9lev\u00e9s pour r\u00e9pondre aux besoins de ses clients, avec les certifications ISO 9001 et 14001.\" \/>\n<meta property=\"og:url\" content=\"https:\/\/planho.com\/fr\/nous\/\" \/>\n<meta property=\"og:site_name\" content=\"PLANHO\" \/>\n<meta property=\"article:publisher\" content=\"https:\/\/www.facebook.com\/profile.php?id=100063625540412\" \/>\n<meta property=\"article:modified_time\" content=\"2026-03-03T20:15:17+00:00\" \/>\n<meta property=\"og:image\" content=\"https:\/\/planho.com\/wp-content\/uploads\/2025\/02\/planho_grupo_01_ret_opt.jpg\" \/>\n\t<meta property=\"og:image:width\" content=\"2500\" \/>\n\t<meta property=\"og:image:height\" content=\"1510\" \/>\n\t<meta property=\"og:image:type\" content=\"image\/jpeg\" \/>\n<meta name=\"twitter:card\" content=\"summary_large_image\" \/>\n<meta name=\"twitter:label1\" content=\"Dur\u00e9e de lecture estim\u00e9e\" \/>\n\t<meta name=\"twitter:data1\" content=\"1 minute\" \/>\n<script type=\"application\/ld+json\" class=\"yoast-schema-graph\">{\"@context\":\"https:\\\/\\\/schema.org\",\"@graph\":[{\"@type\":\"WebPage\",\"@id\":\"https:\\\/\\\/planho.com\\\/fr\\\/nous\\\/\",\"url\":\"https:\\\/\\\/planho.com\\\/fr\\\/nous\\\/\",\"name\":\"Nous &#8226; PLANHO Architecture et ing\u00e9nierie hospitali\u00e8re\",\"isPartOf\":{\"@id\":\"https:\\\/\\\/planho.com\\\/fr\\\/#website\"},\"datePublished\":\"2022-06-16T16:42:21+00:00\",\"dateModified\":\"2026-03-03T20:15:17+00:00\",\"description\":\"Planho maintient des standards de qualit\u00e9 \u00e9lev\u00e9s pour r\u00e9pondre aux besoins de ses clients, avec les certifications ISO 9001 et 14001.\",\"inLanguage\":\"fr-FR\",\"potentialAction\":[{\"@type\":\"ReadAction\",\"target\":[\"https:\\\/\\\/planho.com\\\/fr\\\/nous\\\/\"]}]},{\"@type\":\"WebSite\",\"@id\":\"https:\\\/\\\/planho.com\\\/fr\\\/#website\",\"url\":\"https:\\\/\\\/planho.com\\\/fr\\\/\",\"name\":\"PLANHO Arquitectura e Ingenier\u00eda Hospitalaria\",\"description\":\"Architecture et ing\u00e9nierie hospitali\u00e8re\",\"publisher\":{\"@id\":\"https:\\\/\\\/planho.com\\\/fr\\\/#organization\"},\"alternateName\":\"PLANHO\",\"potentialAction\":[{\"@type\":\"SearchAction\",\"target\":{\"@type\":\"EntryPoint\",\"urlTemplate\":\"https:\\\/\\\/planho.com\\\/fr\\\/?s={search_term_string}\"},\"query-input\":{\"@type\":\"PropertyValueSpecification\",\"valueRequired\":true,\"valueName\":\"search_term_string\"}}],\"inLanguage\":\"fr-FR\"},{\"@type\":\"Organization\",\"@id\":\"https:\\\/\\\/planho.com\\\/fr\\\/#organization\",\"name\":\"PLANHO Arquitectura e Ingenier\u00eda Hospitalaria\",\"alternateName\":\"PLANHO\",\"url\":\"https:\\\/\\\/planho.com\\\/fr\\\/\",\"logo\":{\"@type\":\"ImageObject\",\"inLanguage\":\"fr-FR\",\"@id\":\"https:\\\/\\\/planho.com\\\/fr\\\/#\\\/schema\\\/logo\\\/image\\\/\",\"url\":\"https:\\\/\\\/planho.com\\\/wp-content\\\/uploads\\\/2026\\\/03\\\/android-icon-144x144-1.png\",\"contentUrl\":\"https:\\\/\\\/planho.com\\\/wp-content\\\/uploads\\\/2026\\\/03\\\/android-icon-144x144-1.png\",\"width\":144,\"height\":144,\"caption\":\"PLANHO Arquitectura e Ingenier\u00eda Hospitalaria\"},\"image\":{\"@id\":\"https:\\\/\\\/planho.com\\\/fr\\\/#\\\/schema\\\/logo\\\/image\\\/\"},\"sameAs\":[\"https:\\\/\\\/www.facebook.com\\\/profile.php?id=100063625540412\",\"https:\\\/\\\/www.linkedin.com\\\/company\\\/planhoconsultores\\\/\"]}]}<\/script>\n<!-- \/ Yoast SEO plugin. -->","yoast_head_json":{"title":"Nous &#8226; PLANHO Architecture et ing\u00e9nierie hospitali\u00e8re","description":"Planho maintient des standards de qualit\u00e9 \u00e9lev\u00e9s pour r\u00e9pondre aux besoins de ses clients, avec les certifications ISO 9001 et 14001.","robots":{"index":"index","follow":"follow","max-snippet":"max-snippet:-1","max-image-preview":"max-image-preview:large","max-video-preview":"max-video-preview:-1"},"canonical":"https:\/\/planho.com\/fr\/nous\/","og_locale":"fr_FR","og_type":"article","og_title":"Nous &#8226; PLANHO Architecture et ing\u00e9nierie hospitali\u00e8re","og_description":"Planho maintient des standards de qualit\u00e9 \u00e9lev\u00e9s pour r\u00e9pondre aux besoins de ses clients, avec les certifications ISO 9001 et 14001.","og_url":"https:\/\/planho.com\/fr\/nous\/","og_site_name":"PLANHO","article_publisher":"https:\/\/www.facebook.com\/profile.php?id=100063625540412","article_modified_time":"2026-03-03T20:15:17+00:00","og_image":[{"width":2500,"height":1510,"url":"https:\/\/planho.com\/wp-content\/uploads\/2025\/02\/planho_grupo_01_ret_opt.jpg","type":"image\/jpeg"}],"twitter_card":"summary_large_image","twitter_misc":{"Dur\u00e9e de lecture estim\u00e9e":"1 minute"},"schema":{"@context":"https:\/\/schema.org","@graph":[{"@type":"WebPage","@id":"https:\/\/planho.com\/fr\/nous\/","url":"https:\/\/planho.com\/fr\/nous\/","name":"Nous &#8226; PLANHO Architecture et ing\u00e9nierie hospitali\u00e8re","isPartOf":{"@id":"https:\/\/planho.com\/fr\/#website"},"datePublished":"2022-06-16T16:42:21+00:00","dateModified":"2026-03-03T20:15:17+00:00","description":"Planho maintient des standards de qualit\u00e9 \u00e9lev\u00e9s pour r\u00e9pondre aux besoins de ses clients, avec les certifications ISO 9001 et 14001.","inLanguage":"fr-FR","potentialAction":[{"@type":"ReadAction","target":["https:\/\/planho.com\/fr\/nous\/"]}]},{"@type":"WebSite","@id":"https:\/\/planho.com\/fr\/#website","url":"https:\/\/planho.com\/fr\/","name":"PLANHO Arquitectura e Ingenier\u00eda Hospitalaria","description":"Architecture et ing\u00e9nierie hospitali\u00e8re","publisher":{"@id":"https:\/\/planho.com\/fr\/#organization"},"alternateName":"PLANHO","potentialAction":[{"@type":"SearchAction","target":{"@type":"EntryPoint","urlTemplate":"https:\/\/planho.com\/fr\/?s={search_term_string}"},"query-input":{"@type":"PropertyValueSpecification","valueRequired":true,"valueName":"search_term_string"}}],"inLanguage":"fr-FR"},{"@type":"Organization","@id":"https:\/\/planho.com\/fr\/#organization","name":"PLANHO Arquitectura e Ingenier\u00eda Hospitalaria","alternateName":"PLANHO","url":"https:\/\/planho.com\/fr\/","logo":{"@type":"ImageObject","inLanguage":"fr-FR","@id":"https:\/\/planho.com\/fr\/#\/schema\/logo\/image\/","url":"https:\/\/planho.com\/wp-content\/uploads\/2026\/03\/android-icon-144x144-1.png","contentUrl":"https:\/\/planho.com\/wp-content\/uploads\/2026\/03\/android-icon-144x144-1.png","width":144,"height":144,"caption":"PLANHO Arquitectura e Ingenier\u00eda Hospitalaria"},"image":{"@id":"https:\/\/planho.com\/fr\/#\/schema\/logo\/image\/"},"sameAs":["https:\/\/www.facebook.com\/profile.php?id=100063625540412","https:\/\/www.linkedin.com\/company\/planhoconsultores\/"]}]}},"_links":{"self":[{"href":"https:\/\/planho.com\/fr\/wp-json\/wp\/v2\/pages\/10998","targetHints":{"allow":["GET"]}}],"collection":[{"href":"https:\/\/planho.com\/fr\/wp-json\/wp\/v2\/pages"}],"about":[{"href":"https:\/\/planho.com\/fr\/wp-json\/wp\/v2\/types\/page"}],"author":[{"embeddable":true,"href":"https:\/\/planho.com\/fr\/wp-json\/wp\/v2\/users\/3"}],"replies":[{"embeddable":true,"href":"https:\/\/planho.com\/fr\/wp-json\/wp\/v2\/comments?post=10998"}],"version-history":[{"count":0,"href":"https:\/\/planho.com\/fr\/wp-json\/wp\/v2\/pages\/10998\/revisions"}],"wp:attachment":[{"href":"https:\/\/planho.com\/fr\/wp-json\/wp\/v2\/media?parent=10998"}],"curies":[{"name":"wp","href":"https:\/\/api.w.org\/{rel}","templated":true}]}}