{"id":11008,"date":"2022-06-16T19:41:40","date_gmt":"2022-06-16T17:41:40","guid":{"rendered":"https:\/\/planho.com\/enrique-vallecillos\/"},"modified":"2025-08-06T15:25:36","modified_gmt":"2025-08-06T13:25:36","slug":"enrique-vallecillos","status":"publish","type":"page","link":"https:\/\/planho.com\/fr\/enrique-vallecillos\/","title":{"rendered":"Enrique Vallecillos"},"content":{"rendered":"<div class=\"cv_planho\"> <div class=\"pixcode  pixcode--grid  grid  \">\n <div class=\"grid__item lap-three-twelfths\">\n <\/p>\n<p><img decoding=\"async\" src=\"\/wp-content\/uploads\/equipo\/Enrique-Vallecillos.jpg\" alt=\"Enrique Vallecillos\"><\/p>\n<p> \n<\/div>\n <div class=\"grid__item lap-nine-twelfths\">\n <\/p>\n<h1>Enrique Vallecillos<\/h1>\n<address>\u00c9quipe en Espagne. Directeur G\u00e9n\u00e9ral<\/address>\n<p>Architecte dipl\u00f4m\u00e9 de l\u2019ETSA de S\u00e9ville (1987) et titulaire d\u2019un Master en Ing\u00e9nierie et Gestion des Infrastructures Hospitali\u00e8res de l\u2019Universit\u00e9 de Malaga. Jusqu\u2019en 1998, date \u00e0 laquelle il rejoint <span class=\"planho\">Planho<\/span> en tant que cofondateur, il se sp\u00e9cialise dans le d\u00e9veloppement de l\u2019informatique technique et de la conception assist\u00e9e par ordinateur, depuis ses d\u00e9buts dans le Plan Directeur de l\u2019Expo 92. Il participe \u00e0 tous les projets et directions de travaux les plus importants de <span class=\"planho\">Planho<\/span>, assumant la direction technique de l\u2019entreprise et d\u00e9veloppant les crit\u00e8res d\u2019ad\u00e9quation fonctionnelle, constructive et des installations.<br \/>\n\n<\/div>\n\n\n<\/div>\n\n<\/div>\n","protected":false},"excerpt":{"rendered":"","protected":false},"author":3,"featured_media":0,"parent":0,"menu_order":19,"comment_status":"closed","ping_status":"closed","template":"","meta":{"_acf_changed":false,"footnotes":""},"class_list":["post-11008","page","type-page","status-publish","hentry","no-page-header"],"acf":[],"yoast_head":"<!-- This site is optimized with the Yoast SEO plugin v27.2 - https:\/\/yoast.com\/product\/yoast-seo-wordpress\/ -->\n<title>Enrique Vallecillos &#8226; PLANHO Architecture et ing\u00e9nierie hospitali\u00e8re<\/title>\n<meta name=\"description\" content=\"Architecte dipl\u00f4m\u00e9 de l\u2019ETSA de S\u00e9ville et titulaire d\u2019un Master en Ing\u00e9nierie et Gestion des Infrastructures Hospitali\u00e8res de l\u2019Universit\u00e9 de Malaga.\" \/>\n<meta name=\"robots\" content=\"index, follow, max-snippet:-1, max-image-preview:large, max-video-preview:-1\" \/>\n<link rel=\"canonical\" href=\"https:\/\/planho.com\/fr\/enrique-vallecillos\/\" \/>\n<meta property=\"og:locale\" content=\"fr_FR\" \/>\n<meta property=\"og:type\" content=\"article\" \/>\n<meta property=\"og:title\" content=\"Enrique Vallecillos &#8226; PLANHO Architecture et ing\u00e9nierie hospitali\u00e8re\" \/>\n<meta property=\"og:description\" content=\"Architecte dipl\u00f4m\u00e9 de l\u2019ETSA de S\u00e9ville et titulaire d\u2019un Master en Ing\u00e9nierie et Gestion des Infrastructures Hospitali\u00e8res de l\u2019Universit\u00e9 de Malaga.\" \/>\n<meta property=\"og:url\" content=\"https:\/\/planho.com\/fr\/enrique-vallecillos\/\" \/>\n<meta property=\"og:site_name\" content=\"PLANHO\" \/>\n<meta property=\"article:publisher\" content=\"https:\/\/www.facebook.com\/profile.php?id=100063625540412\" \/>\n<meta property=\"article:modified_time\" content=\"2025-08-06T13:25:36+00:00\" \/>\n<meta property=\"og:image\" content=\"https:\/\/planho.com\/wp-content\/uploads\/2025\/02\/planho_grupo_01_ret_opt.jpg\" \/>\n\t<meta property=\"og:image:width\" content=\"2500\" \/>\n\t<meta property=\"og:image:height\" content=\"1510\" \/>\n\t<meta property=\"og:image:type\" content=\"image\/jpeg\" \/>\n<meta name=\"twitter:card\" content=\"summary_large_image\" \/>\n<meta name=\"twitter:label1\" content=\"Dur\u00e9e de lecture estim\u00e9e\" \/>\n\t<meta name=\"twitter:data1\" content=\"1 minute\" \/>\n<script type=\"application\/ld+json\" class=\"yoast-schema-graph\">{\"@context\":\"https:\/\/schema.org\",\"@graph\":[{\"@type\":\"WebPage\",\"@id\":\"https:\/\/planho.com\/fr\/enrique-vallecillos\/\",\"url\":\"https:\/\/planho.com\/fr\/enrique-vallecillos\/\",\"name\":\"Enrique Vallecillos &#8226; PLANHO Architecture et ing\u00e9nierie hospitali\u00e8re\",\"isPartOf\":{\"@id\":\"https:\/\/planho.com\/fr\/#website\"},\"datePublished\":\"2022-06-16T17:41:40+00:00\",\"dateModified\":\"2025-08-06T13:25:36+00:00\",\"description\":\"Architecte dipl\u00f4m\u00e9 de l\u2019ETSA de S\u00e9ville et titulaire d\u2019un Master en Ing\u00e9nierie et Gestion des Infrastructures Hospitali\u00e8res de l\u2019Universit\u00e9 de Malaga.\",\"inLanguage\":\"fr-FR\",\"potentialAction\":[{\"@type\":\"ReadAction\",\"target\":[\"https:\/\/planho.com\/fr\/enrique-vallecillos\/\"]}]},{\"@type\":\"WebSite\",\"@id\":\"https:\/\/planho.com\/fr\/#website\",\"url\":\"https:\/\/planho.com\/fr\/\",\"name\":\"PLANHO Arquitectura e Ingenier\u00eda Hospitalaria\",\"description\":\"Architecture et ing\u00e9nierie hospitali\u00e8re\",\"publisher\":{\"@id\":\"https:\/\/planho.com\/fr\/#organization\"},\"alternateName\":\"PLANHO\",\"potentialAction\":[{\"@type\":\"SearchAction\",\"target\":{\"@type\":\"EntryPoint\",\"urlTemplate\":\"https:\/\/planho.com\/fr\/?s={search_term_string}\"},\"query-input\":{\"@type\":\"PropertyValueSpecification\",\"valueRequired\":true,\"valueName\":\"search_term_string\"}}],\"inLanguage\":\"fr-FR\"},{\"@type\":\"Organization\",\"@id\":\"https:\/\/planho.com\/fr\/#organization\",\"name\":\"PLANHO Arquitectura e Ingenier\u00eda Hospitalaria\",\"alternateName\":\"PLANHO\",\"url\":\"https:\/\/planho.com\/fr\/\",\"logo\":{\"@type\":\"ImageObject\",\"inLanguage\":\"fr-FR\",\"@id\":\"https:\/\/planho.com\/fr\/#\/schema\/logo\/image\/\",\"url\":\"https:\/\/planho.com\/wp-content\/uploads\/2026\/03\/android-icon-144x144-1.png\",\"contentUrl\":\"https:\/\/planho.com\/wp-content\/uploads\/2026\/03\/android-icon-144x144-1.png\",\"width\":144,\"height\":144,\"caption\":\"PLANHO Arquitectura e Ingenier\u00eda Hospitalaria\"},\"image\":{\"@id\":\"https:\/\/planho.com\/fr\/#\/schema\/logo\/image\/\"},\"sameAs\":[\"https:\/\/www.facebook.com\/profile.php?id=100063625540412\",\"https:\/\/www.linkedin.com\/company\/planhoconsultores\/\"]}]}<\/script>\n<!-- \/ Yoast SEO plugin. -->","yoast_head_json":{"title":"Enrique Vallecillos &#8226; PLANHO Architecture et ing\u00e9nierie hospitali\u00e8re","description":"Architecte dipl\u00f4m\u00e9 de l\u2019ETSA de S\u00e9ville et titulaire d\u2019un Master en Ing\u00e9nierie et Gestion des Infrastructures Hospitali\u00e8res de l\u2019Universit\u00e9 de Malaga.","robots":{"index":"index","follow":"follow","max-snippet":"max-snippet:-1","max-image-preview":"max-image-preview:large","max-video-preview":"max-video-preview:-1"},"canonical":"https:\/\/planho.com\/fr\/enrique-vallecillos\/","og_locale":"fr_FR","og_type":"article","og_title":"Enrique Vallecillos &#8226; PLANHO Architecture et ing\u00e9nierie hospitali\u00e8re","og_description":"Architecte dipl\u00f4m\u00e9 de l\u2019ETSA de S\u00e9ville et titulaire d\u2019un Master en Ing\u00e9nierie et Gestion des Infrastructures Hospitali\u00e8res de l\u2019Universit\u00e9 de Malaga.","og_url":"https:\/\/planho.com\/fr\/enrique-vallecillos\/","og_site_name":"PLANHO","article_publisher":"https:\/\/www.facebook.com\/profile.php?id=100063625540412","article_modified_time":"2025-08-06T13:25:36+00:00","og_image":[{"width":2500,"height":1510,"url":"https:\/\/planho.com\/wp-content\/uploads\/2025\/02\/planho_grupo_01_ret_opt.jpg","type":"image\/jpeg"}],"twitter_card":"summary_large_image","twitter_misc":{"Dur\u00e9e de lecture estim\u00e9e":"1 minute"},"schema":{"@context":"https:\/\/schema.org","@graph":[{"@type":"WebPage","@id":"https:\/\/planho.com\/fr\/enrique-vallecillos\/","url":"https:\/\/planho.com\/fr\/enrique-vallecillos\/","name":"Enrique Vallecillos &#8226; PLANHO Architecture et ing\u00e9nierie hospitali\u00e8re","isPartOf":{"@id":"https:\/\/planho.com\/fr\/#website"},"datePublished":"2022-06-16T17:41:40+00:00","dateModified":"2025-08-06T13:25:36+00:00","description":"Architecte dipl\u00f4m\u00e9 de l\u2019ETSA de S\u00e9ville et titulaire d\u2019un Master en Ing\u00e9nierie et Gestion des Infrastructures Hospitali\u00e8res de l\u2019Universit\u00e9 de Malaga.","inLanguage":"fr-FR","potentialAction":[{"@type":"ReadAction","target":["https:\/\/planho.com\/fr\/enrique-vallecillos\/"]}]},{"@type":"WebSite","@id":"https:\/\/planho.com\/fr\/#website","url":"https:\/\/planho.com\/fr\/","name":"PLANHO Arquitectura e Ingenier\u00eda Hospitalaria","description":"Architecture et ing\u00e9nierie hospitali\u00e8re","publisher":{"@id":"https:\/\/planho.com\/fr\/#organization"},"alternateName":"PLANHO","potentialAction":[{"@type":"SearchAction","target":{"@type":"EntryPoint","urlTemplate":"https:\/\/planho.com\/fr\/?s={search_term_string}"},"query-input":{"@type":"PropertyValueSpecification","valueRequired":true,"valueName":"search_term_string"}}],"inLanguage":"fr-FR"},{"@type":"Organization","@id":"https:\/\/planho.com\/fr\/#organization","name":"PLANHO Arquitectura e Ingenier\u00eda Hospitalaria","alternateName":"PLANHO","url":"https:\/\/planho.com\/fr\/","logo":{"@type":"ImageObject","inLanguage":"fr-FR","@id":"https:\/\/planho.com\/fr\/#\/schema\/logo\/image\/","url":"https:\/\/planho.com\/wp-content\/uploads\/2026\/03\/android-icon-144x144-1.png","contentUrl":"https:\/\/planho.com\/wp-content\/uploads\/2026\/03\/android-icon-144x144-1.png","width":144,"height":144,"caption":"PLANHO Arquitectura e Ingenier\u00eda Hospitalaria"},"image":{"@id":"https:\/\/planho.com\/fr\/#\/schema\/logo\/image\/"},"sameAs":["https:\/\/www.facebook.com\/profile.php?id=100063625540412","https:\/\/www.linkedin.com\/company\/planhoconsultores\/"]}]}},"_links":{"self":[{"href":"https:\/\/planho.com\/fr\/wp-json\/wp\/v2\/pages\/11008","targetHints":{"allow":["GET"]}}],"collection":[{"href":"https:\/\/planho.com\/fr\/wp-json\/wp\/v2\/pages"}],"about":[{"href":"https:\/\/planho.com\/fr\/wp-json\/wp\/v2\/types\/page"}],"author":[{"embeddable":true,"href":"https:\/\/planho.com\/fr\/wp-json\/wp\/v2\/users\/3"}],"replies":[{"embeddable":true,"href":"https:\/\/planho.com\/fr\/wp-json\/wp\/v2\/comments?post=11008"}],"version-history":[{"count":0,"href":"https:\/\/planho.com\/fr\/wp-json\/wp\/v2\/pages\/11008\/revisions"}],"wp:attachment":[{"href":"https:\/\/planho.com\/fr\/wp-json\/wp\/v2\/media?parent=11008"}],"curies":[{"name":"wp","href":"https:\/\/api.w.org\/{rel}","templated":true}]}}