{"id":11011,"date":"2016-09-08T16:37:57","date_gmt":"2016-09-08T14:37:57","guid":{"rendered":"https:\/\/planho.com\/contacto\/"},"modified":"2026-03-03T21:34:31","modified_gmt":"2026-03-03T20:34:31","slug":"contact","status":"publish","type":"page","link":"https:\/\/planho.com\/fr\/contact\/","title":{"rendered":"Contact"},"content":{"rendered":"<div class=\"pixcode  pixcode--grid  grid  \">\n\n<div class=\"grid__item lap-one-whole\">\n\n<div class=\"pixcode  pixcode--tabs\">\n\t<ul class=\"pixcode--tabs__nav  tabs__nav  nav  nav-tabs\">\n\t\t\t\t\t\t<li>\n\t\t\t\t\t<a href=\"#ui-tab-069dec7d61ffca\" class=\"current\" data-toggle=\"tab\"><i class=\"icon icon-light fa icon-globe\"><\/i>espagne<\/a>\t\t\t\t<\/li>\n\t\t\t\t\t\t\t<li>\n\t\t\t\t\t<a href=\"#ui-tab-169dec7d61ffdc\" class=\"\" data-toggle=\"tab\"><i class=\"icon icon-light fa icon-globe\"><\/i>chili<\/a>\t\t\t\t<\/li>\n\t\t\t\t\t\t\t<li>\n\t\t\t\t\t<a href=\"#ui-tab-269dec7d61ffe4\" class=\"\" data-toggle=\"tab\"><i class=\"icon icon-light fa icon-globe\"><\/i>p\u00e9rou<\/a>\t\t\t\t<\/li>\n\t\t\t\t\t\t\t<li>\n\t\t\t\t\t<a href=\"#ui-tab-369dec7d61ffe9\" class=\"\" data-toggle=\"tab\"><i class=\"icon icon-light fa icon-globe\"><\/i>guatemala<\/a>\t\t\t\t<\/li>\n\t\t\t\t<\/ul>\n\t<div class=\"pixcode--tabs__content  tabs__content\">\n\t\t\t\t\t\t<div class=\"tabs__pane \" id=\"ui-tab-069dec7d61ffca\">\n\t\t\t\t\t\n<table>\n<tbody>\n<tr>\n<td>\nAvda. Reino Unido, 7. 2\u00baF <strong> S\u00e9ville<\/strong>\n<\/td>\n<td>\nSi\u00e8ge Central<br \/>\nt\u00e9l. +34 954 50 25 10<br \/>\n<a href=\"mailto:planho@planho.com\">planho@planho.com<\/a>\n<\/td>\n<\/tr>\n<tr>\n<td>\nCalle de Torija 5 L10, 28013 <strong>Madrid<\/strong>\n<\/td>\n<td>\nAlejandro Vallecillos Portillo<br \/>\ntlf. +34 722 73 77 57<br \/>\n<a href=\"mailto:alejandro@planho.com\">alejandro@planho.com<\/a><\/td>\n<\/tr>\n<\/tbody>\n<\/table>\n\t\t\t\t<\/div>\n\t\t\t\t\t\t\t<div class=\"tabs__pane hide\" id=\"ui-tab-169dec7d61ffdc\">\n\t\t\t\t\t\n<table>\n<tbody>\n<tr>\n<td>\nNueva Tajamar n\u00b0 555, 6\u1d49 \u00e9tage, Bureau 14<br \/>\nWorld Trade Center<br \/>\nLas Condes, <strong>Santiago du Chili<\/strong>\n<\/td>\n<td>\nMar\u00eda P\u00eda Basterrechea<br \/>\n<a href=\"mailto:piabasterrechea@planho.com\">piabasterrechea@planho.com<\/a><br \/>\nt\u00e9l. +56 2 2374 00 65<br \/>\nmob. +56 961658383\n<\/td>\n<\/tr>\n<\/tbody>\n<\/table>\n\t\t\t\t<\/div>\n\t\t\t\t\t\t\t<div class=\"tabs__pane hide\" id=\"ui-tab-269dec7d61ffe4\">\n\t\t\t\t\t\n<table>\n<tbody>\n<tr>\n<td>\nAv. Rosendo Vidaurre 641 Dep 1401 Barranco, <strong>Lima<\/strong>\n<\/td>\n<td>\nJose Carlos Palmer<br \/>\n<a href=\"mailto:josecarlos@planhoconsultores.com\">josecarlos@planhoconsultores.com<\/a><br \/>\nt\u00e9l. +51 1 2773196<br \/>\nmob. +51 942467098\n<\/td>\n<\/tr>\n<\/tbody>\n<\/table>\n\t\t\t\t<\/div>\n\t\t\t\t\t\t\t<div class=\"tabs__pane hide\" id=\"ui-tab-369dec7d61ffe9\">\n\t\t\t\t\t\n<table>\n<tbody>\n<tr>\n<td>\nAveda A 11-53 zona 7 Mixco<br \/>\nResidenciales Para\u00edso II<br \/>\n<strong>Ville de Guatemala<\/strong>\n<\/td>\n<td>\nAna Mar\u00eda Silva Mej\u00eda<br \/>\n<a href=\"mailto:planhoguatemala@planho.com\">planhoguatemala@planho.com<\/a><br \/>\nt\u00e9l. +(504) 2433 0113<br \/>\n+(504) 040 8538\n<\/td>\n<\/tr>\n<\/tbody>\n<\/table>\n\t\t\t\t<\/div>\n\t\t\t\t<\/div>\n<\/div>\n\n<\/div>\n\n\n<\/div>\n\n<div class=\"pixcode  pixcode--grid  grid  \">\n\n<div class=\"grid__item lap-two-twelfths\">\n\n<\/div>\n\n<div class=\"grid__item lap-eight-twelfths\">\n\n<div class=\"menu-social-menu-container\"><ul id=\"menu-social-menu\" class=\"menu\"><li id=\"menu-item-10537\" class=\"menu-item menu-item-type-custom menu-item-object-custom menu-item-10537\"><a target=\"_blank\" href=\"https:\/\/www.linkedin.com\/company\/planhoconsultores\/\">Linkedin<\/a><\/li>\n<li id=\"menu-item-10538\" class=\"menu-item menu-item-type-custom menu-item-object-custom menu-item-10538\"><a target=\"_blank\" href=\"https:\/\/www.instagram.com\/planho\/\">Instagram<\/a><\/li>\n<li id=\"menu-item-10539\" class=\"menu-item menu-item-type-custom menu-item-object-custom menu-item-10539\"><a target=\"_blank\" href=\"https:\/\/www.facebook.com\/profile.php?id=100063625540412&#038;locale=es_ES\">Facebook<\/a><\/li>\n<\/ul><\/div>\n\n<\/div>\n\n<div class=\"grid__item lap-two-twelfths\">\n\n<\/div>\n\n\n<\/div>\n\n","protected":false},"excerpt":{"rendered":"","protected":false},"author":3,"featured_media":0,"parent":0,"menu_order":29,"comment_status":"closed","ping_status":"closed","template":"","meta":{"_acf_changed":false,"footnotes":""},"class_list":["post-11011","page","type-page","status-publish","hentry","no-page-header"],"acf":[],"yoast_head":"<!-- This site is optimized with the Yoast SEO plugin v27.3 - https:\/\/yoast.com\/product\/yoast-seo-wordpress\/ -->\n<title>Contact &#8226; PLANHO Architecture et ing\u00e9nierie hospitali\u00e8re<\/title>\n<meta name=\"robots\" content=\"index, follow, max-snippet:-1, max-image-preview:large, max-video-preview:-1\" \/>\n<link rel=\"canonical\" href=\"https:\/\/planho.com\/fr\/contact\/\" \/>\n<meta property=\"og:locale\" content=\"fr_FR\" \/>\n<meta property=\"og:type\" content=\"article\" \/>\n<meta property=\"og:title\" content=\"Contact &#8226; PLANHO Architecture et ing\u00e9nierie hospitali\u00e8re\" \/>\n<meta property=\"og:url\" content=\"https:\/\/planho.com\/fr\/contact\/\" \/>\n<meta property=\"og:site_name\" content=\"PLANHO\" \/>\n<meta property=\"article:publisher\" content=\"https:\/\/www.facebook.com\/profile.php?id=100063625540412\" \/>\n<meta property=\"article:modified_time\" content=\"2026-03-03T20:34:31+00:00\" \/>\n<meta property=\"og:image\" content=\"https:\/\/planho.com\/wp-content\/uploads\/2025\/02\/planho_grupo_01_ret_opt.jpg\" \/>\n\t<meta property=\"og:image:width\" content=\"2500\" \/>\n\t<meta property=\"og:image:height\" content=\"1510\" \/>\n\t<meta property=\"og:image:type\" content=\"image\/jpeg\" \/>\n<meta name=\"twitter:card\" content=\"summary_large_image\" \/>\n<meta name=\"twitter:label1\" content=\"Dur\u00e9e de lecture estim\u00e9e\" \/>\n\t<meta name=\"twitter:data1\" content=\"1 minute\" \/>\n<script type=\"application\/ld+json\" class=\"yoast-schema-graph\">{\"@context\":\"https:\\\/\\\/schema.org\",\"@graph\":[{\"@type\":\"WebPage\",\"@id\":\"https:\\\/\\\/planho.com\\\/fr\\\/contact\\\/\",\"url\":\"https:\\\/\\\/planho.com\\\/fr\\\/contact\\\/\",\"name\":\"Contact &#8226; PLANHO Architecture et ing\u00e9nierie hospitali\u00e8re\",\"isPartOf\":{\"@id\":\"https:\\\/\\\/planho.com\\\/fr\\\/#website\"},\"datePublished\":\"2016-09-08T14:37:57+00:00\",\"dateModified\":\"2026-03-03T20:34:31+00:00\",\"inLanguage\":\"fr-FR\",\"potentialAction\":[{\"@type\":\"ReadAction\",\"target\":[\"https:\\\/\\\/planho.com\\\/fr\\\/contact\\\/\"]}]},{\"@type\":\"WebSite\",\"@id\":\"https:\\\/\\\/planho.com\\\/fr\\\/#website\",\"url\":\"https:\\\/\\\/planho.com\\\/fr\\\/\",\"name\":\"PLANHO Arquitectura e Ingenier\u00eda Hospitalaria\",\"description\":\"Architecture et ing\u00e9nierie hospitali\u00e8re\",\"publisher\":{\"@id\":\"https:\\\/\\\/planho.com\\\/fr\\\/#organization\"},\"alternateName\":\"PLANHO\",\"potentialAction\":[{\"@type\":\"SearchAction\",\"target\":{\"@type\":\"EntryPoint\",\"urlTemplate\":\"https:\\\/\\\/planho.com\\\/fr\\\/?s={search_term_string}\"},\"query-input\":{\"@type\":\"PropertyValueSpecification\",\"valueRequired\":true,\"valueName\":\"search_term_string\"}}],\"inLanguage\":\"fr-FR\"},{\"@type\":\"Organization\",\"@id\":\"https:\\\/\\\/planho.com\\\/fr\\\/#organization\",\"name\":\"PLANHO Arquitectura e Ingenier\u00eda Hospitalaria\",\"alternateName\":\"PLANHO\",\"url\":\"https:\\\/\\\/planho.com\\\/fr\\\/\",\"logo\":{\"@type\":\"ImageObject\",\"inLanguage\":\"fr-FR\",\"@id\":\"https:\\\/\\\/planho.com\\\/fr\\\/#\\\/schema\\\/logo\\\/image\\\/\",\"url\":\"https:\\\/\\\/planho.com\\\/wp-content\\\/uploads\\\/2026\\\/03\\\/android-icon-144x144-1.png\",\"contentUrl\":\"https:\\\/\\\/planho.com\\\/wp-content\\\/uploads\\\/2026\\\/03\\\/android-icon-144x144-1.png\",\"width\":144,\"height\":144,\"caption\":\"PLANHO Arquitectura e Ingenier\u00eda Hospitalaria\"},\"image\":{\"@id\":\"https:\\\/\\\/planho.com\\\/fr\\\/#\\\/schema\\\/logo\\\/image\\\/\"},\"sameAs\":[\"https:\\\/\\\/www.facebook.com\\\/profile.php?id=100063625540412\",\"https:\\\/\\\/www.linkedin.com\\\/company\\\/planhoconsultores\\\/\"]}]}<\/script>\n<!-- \/ Yoast SEO plugin. -->","yoast_head_json":{"title":"Contact &#8226; PLANHO Architecture et ing\u00e9nierie hospitali\u00e8re","robots":{"index":"index","follow":"follow","max-snippet":"max-snippet:-1","max-image-preview":"max-image-preview:large","max-video-preview":"max-video-preview:-1"},"canonical":"https:\/\/planho.com\/fr\/contact\/","og_locale":"fr_FR","og_type":"article","og_title":"Contact &#8226; PLANHO Architecture et ing\u00e9nierie hospitali\u00e8re","og_url":"https:\/\/planho.com\/fr\/contact\/","og_site_name":"PLANHO","article_publisher":"https:\/\/www.facebook.com\/profile.php?id=100063625540412","article_modified_time":"2026-03-03T20:34:31+00:00","og_image":[{"width":2500,"height":1510,"url":"https:\/\/planho.com\/wp-content\/uploads\/2025\/02\/planho_grupo_01_ret_opt.jpg","type":"image\/jpeg"}],"twitter_card":"summary_large_image","twitter_misc":{"Dur\u00e9e de lecture estim\u00e9e":"1 minute"},"schema":{"@context":"https:\/\/schema.org","@graph":[{"@type":"WebPage","@id":"https:\/\/planho.com\/fr\/contact\/","url":"https:\/\/planho.com\/fr\/contact\/","name":"Contact &#8226; PLANHO Architecture et ing\u00e9nierie hospitali\u00e8re","isPartOf":{"@id":"https:\/\/planho.com\/fr\/#website"},"datePublished":"2016-09-08T14:37:57+00:00","dateModified":"2026-03-03T20:34:31+00:00","inLanguage":"fr-FR","potentialAction":[{"@type":"ReadAction","target":["https:\/\/planho.com\/fr\/contact\/"]}]},{"@type":"WebSite","@id":"https:\/\/planho.com\/fr\/#website","url":"https:\/\/planho.com\/fr\/","name":"PLANHO Arquitectura e Ingenier\u00eda Hospitalaria","description":"Architecture et ing\u00e9nierie hospitali\u00e8re","publisher":{"@id":"https:\/\/planho.com\/fr\/#organization"},"alternateName":"PLANHO","potentialAction":[{"@type":"SearchAction","target":{"@type":"EntryPoint","urlTemplate":"https:\/\/planho.com\/fr\/?s={search_term_string}"},"query-input":{"@type":"PropertyValueSpecification","valueRequired":true,"valueName":"search_term_string"}}],"inLanguage":"fr-FR"},{"@type":"Organization","@id":"https:\/\/planho.com\/fr\/#organization","name":"PLANHO Arquitectura e Ingenier\u00eda Hospitalaria","alternateName":"PLANHO","url":"https:\/\/planho.com\/fr\/","logo":{"@type":"ImageObject","inLanguage":"fr-FR","@id":"https:\/\/planho.com\/fr\/#\/schema\/logo\/image\/","url":"https:\/\/planho.com\/wp-content\/uploads\/2026\/03\/android-icon-144x144-1.png","contentUrl":"https:\/\/planho.com\/wp-content\/uploads\/2026\/03\/android-icon-144x144-1.png","width":144,"height":144,"caption":"PLANHO Arquitectura e Ingenier\u00eda Hospitalaria"},"image":{"@id":"https:\/\/planho.com\/fr\/#\/schema\/logo\/image\/"},"sameAs":["https:\/\/www.facebook.com\/profile.php?id=100063625540412","https:\/\/www.linkedin.com\/company\/planhoconsultores\/"]}]}},"_links":{"self":[{"href":"https:\/\/planho.com\/fr\/wp-json\/wp\/v2\/pages\/11011","targetHints":{"allow":["GET"]}}],"collection":[{"href":"https:\/\/planho.com\/fr\/wp-json\/wp\/v2\/pages"}],"about":[{"href":"https:\/\/planho.com\/fr\/wp-json\/wp\/v2\/types\/page"}],"author":[{"embeddable":true,"href":"https:\/\/planho.com\/fr\/wp-json\/wp\/v2\/users\/3"}],"replies":[{"embeddable":true,"href":"https:\/\/planho.com\/fr\/wp-json\/wp\/v2\/comments?post=11011"}],"version-history":[{"count":0,"href":"https:\/\/planho.com\/fr\/wp-json\/wp\/v2\/pages\/11011\/revisions"}],"wp:attachment":[{"href":"https:\/\/planho.com\/fr\/wp-json\/wp\/v2\/media?parent=11011"}],"curies":[{"name":"wp","href":"https:\/\/api.w.org\/{rel}","templated":true}]}}