{"id":12115,"date":"2026-03-19T14:08:27","date_gmt":"2026-03-19T13:08:27","guid":{"rendered":"https:\/\/planho.com\/mapa-de-proyectos\/"},"modified":"2026-03-31T14:07:51","modified_gmt":"2026-03-31T12:07:51","slug":"carte-des-projets","status":"publish","type":"page","link":"https:\/\/planho.com\/fr\/carte-des-projets\/","title":{"rendered":"Carte des projets"},"content":{"rendered":"<div id=\"wpgmza_map_2\" class=\"wpgmza_map wpgmza-auto-center\" style=\"display:block;width:100%;height:600px;overflow:hidden;position:relative;\" data-map-id=\"2\" data-maps-engine=\"leaflet-zerocost\" data-build-engine=\"atlas-novus\" data-shortcode-attributes=\"{&quot;id&quot;:&quot;2&quot;,&quot;zoom&quot;:false,&quot;width&quot;:false,&quot;height&quot;:false,&quot;marker&quot;:false,&quot;classname&quot;:false,&quot;mashup&quot;:false,&quot;mashup_ids&quot;:false,&quot;cat&quot;:false,&quot;type&quot;:&quot;default&quot;,&quot;parent_id&quot;:false,&quot;lat&quot;:false,&quot;lng&quot;:false,&quot;mark_center&quot;:false,&quot;enable_category&quot;:false,&quot;directions_from&quot;:false,&quot;directions_to&quot;:false,&quot;directions_waypoints&quot;:false,&quot;directions_auto&quot;:false,&quot;disable_vgm_form&quot;:false,&quot;redirect_to&quot;:false}\" data-settings=\"{&quot;map_title&quot;:&quot;Projects&quot;,&quot;map_width&quot;:&quot;100&quot;,&quot;map_height&quot;:&quot;600&quot;,&quot;map_start_lat&quot;:&quot;37.312224766767244&quot;,&quot;map_start_lng&quot;:&quot;-1.7030061343973757&quot;,&quot;map_start_location&quot;:&quot;&quot;,&quot;map_start_zoom&quot;:&quot;2&quot;,&quot;default_marker&quot;:&quot;{\\&quot;url\\&quot;:\\&quot;\\\/\\\/planho.com\\\/wp-content\\\/uploads\\\/2026\\\/03\\\/spotlight-poi2_hdpi-planho.png\\&quot;,\\&quot;retina\\&quot;:true}&quot;,&quot;type&quot;:&quot;0&quot;,&quot;alignment&quot;:&quot;0&quot;,&quot;directions_enabled&quot;:&quot;0&quot;,&quot;styling_enabled&quot;:&quot;0&quot;,&quot;styling_json&quot;:&quot;&quot;,&quot;active&quot;:&quot;0&quot;,&quot;kml&quot;:&quot;&quot;,&quot;bicycle&quot;:&quot;0&quot;,&quot;traffic&quot;:&quot;0&quot;,&quot;dbox&quot;:&quot;1&quot;,&quot;dbox_width&quot;:&quot;100&quot;,&quot;listmarkers&quot;:&quot;0&quot;,&quot;listmarkers_advanced&quot;:&quot;0&quot;,&quot;filterbycat&quot;:&quot;0&quot;,&quot;ugm_enabled&quot;:&quot;0&quot;,&quot;ugm_category_enabled&quot;:&quot;0&quot;,&quot;fusion&quot;:&quot;&quot;,&quot;map_width_type&quot;:&quot;%&quot;,&quot;map_height_type&quot;:&quot;px&quot;,&quot;mass_marker_support&quot;:&quot;0&quot;,&quot;ugm_access&quot;:&quot;0&quot;,&quot;order_markers_by&quot;:&quot;2&quot;,&quot;order_markers_choice&quot;:&quot;1&quot;,&quot;show_user_location&quot;:&quot;0&quot;,&quot;default_to&quot;:&quot;&quot;,&quot;map_type&quot;:1,&quot;sl_stroke_color&quot;:&quot;#ff0000&quot;,&quot;sl_fill_color&quot;:&quot;#ff0000&quot;,&quot;sl_stroke_opacity&quot;:&quot;1&quot;,&quot;sl_fill_opacity&quot;:&quot;0.5&quot;,&quot;transport_layer&quot;:null,&quot;action&quot;:&quot;wpgmza_save_map&quot;,&quot;redirect_to&quot;:&quot;\\\/wp-admin\\\/admin-post.php&quot;,&quot;map_id&quot;:&quot;2&quot;,&quot;wpgmza_savemap&quot;:&quot;Guardar mapa&quot;,&quot;http_referer&quot;:&quot;\\\/wp-admin\\\/admin.php?page=wp-google-maps-menu&amp;amp;action=edit&amp;amp;map_id=2&quot;,&quot;wpgmza_id&quot;:&quot;2&quot;,&quot;wpgmza_start_location&quot;:&quot;37.312224766767244,-1.7030061343973757&quot;,&quot;wpgmza_start_zoom&quot;:&quot;2&quot;,&quot;wpgmza_map_align&quot;:&quot;2&quot;,&quot;store_locator_enabled&quot;:false,&quot;store_locator_distance&quot;:false,&quot;store_locator_search_area&quot;:&quot;radial&quot;,&quot;wpgmza_store_locator_default_radius&quot;:&quot;10&quot;,&quot;store_locator_auto_area_max_zoom&quot;:&quot;&quot;,&quot;wpgmza_store_locator_radius_style&quot;:&quot;legacy&quot;,&quot;store_locator_component_anchor&quot;:&quot;0&quot;,&quot;store_locator_button_style&quot;:&quot;&quot;,&quot;wpgmza_store_locator_bounce&quot;:false,&quot;upload_default_sl_marker&quot;:&quot;&quot;,&quot;upload_default_sl_marker_retina&quot;:false,&quot;wpgmza_sl_animation&quot;:&quot;0&quot;,&quot;store_locator_query_string&quot;:&quot;&quot;,&quot;store_locator_location_placeholder&quot;:&quot;&quot;,&quot;store_locator_default_address&quot;:&quot;&quot;,&quot;store_locator_name_search&quot;:false,&quot;store_locator_name_string&quot;:&quot;&quot;,&quot;store_locator_not_found_message&quot;:&quot;&quot;,&quot;wpgmza_store_locator_restrict&quot;:&quot;&quot;,&quot;store_locator_show_distance&quot;:false,&quot;store_locator_category&quot;:false,&quot;wpgmza_store_locator_use_their_location&quot;:false,&quot;wpgmza_store_locator_hide_before_search&quot;:false,&quot;store_locator_nearby_searches&quot;:false,&quot;directions_box_component_anchor&quot;:&quot;1&quot;,&quot;wpgmza_dbox_width_type&quot;:&quot;%&quot;,&quot;default_from&quot;:&quot;&quot;,&quot;directions_behaviour&quot;:&quot;default&quot;,&quot;force_google_directions_app&quot;:false,&quot;directions_route_origin_icon&quot;:&quot;https:\\\/\\\/planho.com\\\/wp-content\\\/plugins\\\/wp-google-maps\\\/images\\\/spotlight-poi3.png&quot;,&quot;directions_origin_retina&quot;:false,&quot;directions_route_destination_icon&quot;:&quot;https:\\\/\\\/planho.com\\\/wp-content\\\/plugins\\\/wp-google-maps\\\/images\\\/spotlight-poi3.png&quot;,&quot;directions_destination_retina&quot;:false,&quot;directions_route_stroke_color&quot;:&quot;#4d8df5&quot;,&quot;directions_route_stroke_weight&quot;:&quot;4&quot;,&quot;directions_route_stroke_opacity&quot;:&quot;0.8&quot;,&quot;directions_fit_bounds_to_route&quot;:false,&quot;wpgmza_leaflet_tile_filter&quot;:&quot;none&quot;,&quot;wpgmza_theme_data&quot;:&quot;&quot;,&quot;custom_tile_enabled&quot;:false,&quot;custom_tile_image&quot;:&quot;&quot;,&quot;custom_tile_image_width&quot;:&quot;&quot;,&quot;custom_tile_image_height&quot;:&quot;&quot;,&quot;custom_tile_image_attribution&quot;:&quot;&quot;,&quot;iw_anchor_panel_card&quot;:&quot;7&quot;,&quot;iw_primary_color&quot;:&quot;#000000&quot;,&quot;iw_accent_color&quot;:&quot;#000000&quot;,&quot;iw_text_color&quot;:&quot;#000000&quot;,&quot;close_infowindow_on_map_click&quot;:true,&quot;marker_share_links&quot;:false,&quot;wpgmza_listmarkers_by&quot;:&quot;4&quot;,&quot;marker_listing_component_anchor&quot;:&quot;10&quot;,&quot;marker_listing_component_auto_open&quot;:false,&quot;marker_listing_nudge_marker_center&quot;:false,&quot;marker_listing_nudge_x&quot;:&quot;&quot;,&quot;marker_listing_nudge_y&quot;:&quot;&quot;,&quot;category_filter_component_anchor&quot;:&quot;0&quot;,&quot;category_filter_label_string&quot;:&quot;&quot;,&quot;zoom_level_on_marker_listing_override&quot;:false,&quot;zoom_level_on_marker_listing_click&quot;:&quot;&quot;,&quot;marker_listing_disable_zoom&quot;:false,&quot;dataTable_pagination_style&quot;:&quot;default&quot;,&quot;datatable_no_result_message&quot;:&quot;&quot;,&quot;remove_search_box_datables&quot;:false,&quot;datatable_search_string&quot;:&quot;&quot;,&quot;datatable_result_start&quot;:&quot;&quot;,&quot;datatable_result_of&quot;:&quot;&quot;,&quot;datatable_result_to&quot;:&quot;&quot;,&quot;datatable_result_total&quot;:&quot;&quot;,&quot;datatable_result_show&quot;:&quot;&quot;,&quot;datatable_result_entries&quot;:&quot;&quot;,&quot;category_legends_enabled&quot;:false,&quot;category_legends_component_anchor&quot;:&quot;8&quot;,&quot;category_legends_style&quot;:&quot;&quot;,&quot;category_legends_label_string&quot;:&quot;&quot;,&quot;jump_to_nearest_marker_on_initialization&quot;:false,&quot;click_open_link&quot;:false,&quot;wpgmza_zoom_on_marker_click&quot;:false,&quot;wpgmza_zoom_on_marker_click_slider&quot;:&quot;&quot;,&quot;enable_marker_labels&quot;:false,&quot;polygon_labels&quot;:false,&quot;disable_polygon_info_windows&quot;:false,&quot;shape_filtering&quot;:false,&quot;fit_maps_bounds_to_markers&quot;:false,&quot;fit_maps_bounds_to_markers_after_filtering&quot;:false,&quot;restrict_map_bounds&quot;:false,&quot;restrict_boundary_corner_a&quot;:&quot;&quot;,&quot;restrict_boundary_corner_b&quot;:&quot;&quot;,&quot;upload_default_ul_marker&quot;:&quot;&quot;,&quot;upload_default_ul_marker_retina&quot;:false,&quot;automatically_pan_to_users_location&quot;:false,&quot;enable_user_location_control&quot;:false,&quot;override_users_location_zoom_level&quot;:false,&quot;override_users_location_zoom_levels&quot;:&quot;&quot;,&quot;show_distance_from_location&quot;:false,&quot;map_starts_in_streetview&quot;:false,&quot;map_starts_in_streetview_location&quot;:&quot;&quot;,&quot;map_starts_in_streetview_heading&quot;:&quot;&quot;,&quot;map_starts_in_streetview_pitch&quot;:&quot;&quot;,&quot;map_max_zoom&quot;:&quot;21&quot;,&quot;map_min_zoom&quot;:&quot;0&quot;,&quot;retina&quot;:true,&quot;default_hover_marker&quot;:&quot;\\\/\\\/planho.com\\\/wp-content\\\/plugins\\\/wp-google-maps\\\/images\\\/spotlight-poi3.png&quot;,&quot;default_hover_marker_retina&quot;:false,&quot;default_select_marker&quot;:&quot;\\\/\\\/planho.com\\\/wp-content\\\/plugins\\\/wp-google-maps\\\/images\\\/spotlight-poi3.png&quot;,&quot;default_select_marker_retina&quot;:false,&quot;disable_lightbox_images&quot;:false,&quot;use_Raw_Jpeg_Coordinates&quot;:false,&quot;enable_map_reset_control&quot;:false,&quot;zoom_level_mobile_override_enabled&quot;:false,&quot;zoom_level_mobile_override&quot;:&quot;2&quot;,&quot;map_dimensions_mobile_override_enabled&quot;:false,&quot;map_mobile_width&quot;:&quot;100&quot;,&quot;map_mobile_width_type&quot;:&quot;%&quot;,&quot;map_mobile_height&quot;:&quot;200&quot;,&quot;map_mobile_height_type&quot;:&quot;px&quot;,&quot;enable_advanced_custom_fields_integration&quot;:true,&quot;enable_toolset_woocommerce_integration&quot;:false,&quot;enable_woo_product_integration&quot;:false,&quot;enable_post_type_locations_integration&quot;:false,&quot;lazyload_info_window_content&quot;:false,&quot;only_load_markers_within_viewport&quot;:false,&quot;marker_fields_component_anchor&quot;:&quot;9&quot;,&quot;enable_advanced_custom_fields_integration_type&quot;:&quot;mies_portfolio&quot;,&quot;enable_post_type_locations_integration_type&quot;:&quot;mies_portfolio&quot;,&quot;tile_server_override&quot;:&quot;openfreemap-positron&quot;,&quot;tile_server_override_config&quot;:{&quot;url&quot;:&quot;https:\\\/\\\/tiles.openfreemap.org\\\/styles\\\/positron&quot;,&quot;label&quot;:&quot;Positron&quot;,&quot;provider&quot;:&quot;OpenFreeMap&quot;,&quot;attribution&quot;:&quot;&lt;a href=&#039;https:\\\/\\\/openfreemap.org\\\/&#039;&gt;OpenFreeMap&lt;\\\/a&gt; | &amp;copy; &lt;a href=&#039;https:\\\/\\\/www.openmaptiles.org\\\/&#039;&gt;OpenMapTiles&lt;\\\/a&gt; | &amp;copy; &lt;a href=&#039;https:\\\/\\\/www.openstreetmap.org\\\/copyright&#039;&gt;OpenStreetMap&lt;\\\/a&gt;&quot;,&quot;type&quot;:&quot;vector&quot;,&quot;slug&quot;:&quot;openfreemap-positron&quot;},&quot;wpgmza_iw_type&quot;:&quot;-1&quot;,&quot;id&quot;:2}\" ><\/div><div class=\"wpgmza-standalone-component wpgmza-auto-center\" style=\"width:100%; max-width:100%;\" ><div data-wpgmza-table data-wpgmza-php-class=\"WPGMZA\\MarkerListing\\BasicList\" data-wpgmza-rest-api-route=\"\/marker-listing\/\" data-wpgmza-marker-listing=\"true\" class=\"wpgmza_marker_list_class\" style=\"width:100%;\" data-wpgmza-ajax-parameters='{\"map_id\":2}' id=\"wpgmza_marker_list_2\"><\/div><\/div>\n","protected":false},"excerpt":{"rendered":"","protected":false},"author":3,"featured_media":0,"parent":0,"menu_order":44,"comment_status":"closed","ping_status":"closed","template":"","meta":{"_acf_changed":false,"footnotes":""},"class_list":["post-12115","page","type-page","status-publish","hentry"],"acf":[],"yoast_head":"<!-- This site is optimized with the Yoast SEO plugin v27.3 - https:\/\/yoast.com\/product\/yoast-seo-wordpress\/ -->\n<title>Carte des projets &#8226; PLANHO<\/title>\n<meta name=\"description\" content=\"Carte interactive des projets de Planho dans le monde. Explorez l\u2019emplacement de nos projets d\u2019architecture et d\u2019ing\u00e9nierie hospitali\u00e8re.\" \/>\n<meta name=\"robots\" content=\"noindex, follow\" \/>\n<meta property=\"og:locale\" content=\"fr_FR\" \/>\n<meta property=\"og:type\" content=\"article\" \/>\n<meta property=\"og:title\" content=\"Carte des projets &#8226; PLANHO\" \/>\n<meta property=\"og:description\" content=\"Carte interactive des projets de Planho dans le monde. Explorez l\u2019emplacement de nos projets d\u2019architecture et d\u2019ing\u00e9nierie hospitali\u00e8re.\" \/>\n<meta property=\"og:url\" content=\"https:\/\/planho.com\/fr\/carte-des-projets\/\" \/>\n<meta property=\"og:site_name\" content=\"PLANHO\" \/>\n<meta property=\"article:publisher\" content=\"https:\/\/www.facebook.com\/profile.php?id=100063625540412\" \/>\n<meta property=\"article:modified_time\" content=\"2026-03-31T12:07:51+00:00\" \/>\n<meta property=\"og:image\" content=\"https:\/\/planho.com\/wp-content\/uploads\/2025\/02\/planho_grupo_01_ret_opt.jpg\" \/>\n\t<meta property=\"og:image:width\" content=\"2500\" \/>\n\t<meta property=\"og:image:height\" content=\"1510\" \/>\n\t<meta property=\"og:image:type\" content=\"image\/jpeg\" \/>\n<meta name=\"twitter:card\" content=\"summary_large_image\" \/>\n<script type=\"application\/ld+json\" class=\"yoast-schema-graph\">{\"@context\":\"https:\\\/\\\/schema.org\",\"@graph\":[{\"@type\":\"WebPage\",\"@id\":\"https:\\\/\\\/planho.com\\\/fr\\\/carte-des-projets\\\/\",\"url\":\"https:\\\/\\\/planho.com\\\/fr\\\/carte-des-projets\\\/\",\"name\":\"Carte des projets &#8226; PLANHO\",\"isPartOf\":{\"@id\":\"https:\\\/\\\/planho.com\\\/fr\\\/#website\"},\"datePublished\":\"2026-03-19T13:08:27+00:00\",\"dateModified\":\"2026-03-31T12:07:51+00:00\",\"description\":\"Carte interactive des projets de Planho dans le monde. Explorez l\u2019emplacement de nos projets d\u2019architecture et d\u2019ing\u00e9nierie hospitali\u00e8re.\",\"inLanguage\":\"fr-FR\",\"potentialAction\":[{\"@type\":\"ReadAction\",\"target\":[\"https:\\\/\\\/planho.com\\\/fr\\\/carte-des-projets\\\/\"]}]},{\"@type\":\"WebSite\",\"@id\":\"https:\\\/\\\/planho.com\\\/fr\\\/#website\",\"url\":\"https:\\\/\\\/planho.com\\\/fr\\\/\",\"name\":\"PLANHO Arquitectura e Ingenier\u00eda Hospitalaria\",\"description\":\"Architecture et ing\u00e9nierie hospitali\u00e8re\",\"publisher\":{\"@id\":\"https:\\\/\\\/planho.com\\\/fr\\\/#organization\"},\"alternateName\":\"PLANHO\",\"potentialAction\":[{\"@type\":\"SearchAction\",\"target\":{\"@type\":\"EntryPoint\",\"urlTemplate\":\"https:\\\/\\\/planho.com\\\/fr\\\/?s={search_term_string}\"},\"query-input\":{\"@type\":\"PropertyValueSpecification\",\"valueRequired\":true,\"valueName\":\"search_term_string\"}}],\"inLanguage\":\"fr-FR\"},{\"@type\":\"Organization\",\"@id\":\"https:\\\/\\\/planho.com\\\/fr\\\/#organization\",\"name\":\"PLANHO Arquitectura e Ingenier\u00eda Hospitalaria\",\"alternateName\":\"PLANHO\",\"url\":\"https:\\\/\\\/planho.com\\\/fr\\\/\",\"logo\":{\"@type\":\"ImageObject\",\"inLanguage\":\"fr-FR\",\"@id\":\"https:\\\/\\\/planho.com\\\/fr\\\/#\\\/schema\\\/logo\\\/image\\\/\",\"url\":\"https:\\\/\\\/planho.com\\\/wp-content\\\/uploads\\\/2026\\\/03\\\/android-icon-144x144-1.png\",\"contentUrl\":\"https:\\\/\\\/planho.com\\\/wp-content\\\/uploads\\\/2026\\\/03\\\/android-icon-144x144-1.png\",\"width\":144,\"height\":144,\"caption\":\"PLANHO Arquitectura e Ingenier\u00eda Hospitalaria\"},\"image\":{\"@id\":\"https:\\\/\\\/planho.com\\\/fr\\\/#\\\/schema\\\/logo\\\/image\\\/\"},\"sameAs\":[\"https:\\\/\\\/www.facebook.com\\\/profile.php?id=100063625540412\",\"https:\\\/\\\/www.linkedin.com\\\/company\\\/planhoconsultores\\\/\"]}]}<\/script>\n<!-- \/ Yoast SEO plugin. -->","yoast_head_json":{"title":"Carte des projets &#8226; PLANHO","description":"Carte interactive des projets de Planho dans le monde. Explorez l\u2019emplacement de nos projets d\u2019architecture et d\u2019ing\u00e9nierie hospitali\u00e8re.","robots":{"index":"noindex","follow":"follow"},"og_locale":"fr_FR","og_type":"article","og_title":"Carte des projets &#8226; PLANHO","og_description":"Carte interactive des projets de Planho dans le monde. Explorez l\u2019emplacement de nos projets d\u2019architecture et d\u2019ing\u00e9nierie hospitali\u00e8re.","og_url":"https:\/\/planho.com\/fr\/carte-des-projets\/","og_site_name":"PLANHO","article_publisher":"https:\/\/www.facebook.com\/profile.php?id=100063625540412","article_modified_time":"2026-03-31T12:07:51+00:00","og_image":[{"width":2500,"height":1510,"url":"https:\/\/planho.com\/wp-content\/uploads\/2025\/02\/planho_grupo_01_ret_opt.jpg","type":"image\/jpeg"}],"twitter_card":"summary_large_image","schema":{"@context":"https:\/\/schema.org","@graph":[{"@type":"WebPage","@id":"https:\/\/planho.com\/fr\/carte-des-projets\/","url":"https:\/\/planho.com\/fr\/carte-des-projets\/","name":"Carte des projets &#8226; PLANHO","isPartOf":{"@id":"https:\/\/planho.com\/fr\/#website"},"datePublished":"2026-03-19T13:08:27+00:00","dateModified":"2026-03-31T12:07:51+00:00","description":"Carte interactive des projets de Planho dans le monde. Explorez l\u2019emplacement de nos projets d\u2019architecture et d\u2019ing\u00e9nierie hospitali\u00e8re.","inLanguage":"fr-FR","potentialAction":[{"@type":"ReadAction","target":["https:\/\/planho.com\/fr\/carte-des-projets\/"]}]},{"@type":"WebSite","@id":"https:\/\/planho.com\/fr\/#website","url":"https:\/\/planho.com\/fr\/","name":"PLANHO Arquitectura e Ingenier\u00eda Hospitalaria","description":"Architecture et ing\u00e9nierie hospitali\u00e8re","publisher":{"@id":"https:\/\/planho.com\/fr\/#organization"},"alternateName":"PLANHO","potentialAction":[{"@type":"SearchAction","target":{"@type":"EntryPoint","urlTemplate":"https:\/\/planho.com\/fr\/?s={search_term_string}"},"query-input":{"@type":"PropertyValueSpecification","valueRequired":true,"valueName":"search_term_string"}}],"inLanguage":"fr-FR"},{"@type":"Organization","@id":"https:\/\/planho.com\/fr\/#organization","name":"PLANHO Arquitectura e Ingenier\u00eda Hospitalaria","alternateName":"PLANHO","url":"https:\/\/planho.com\/fr\/","logo":{"@type":"ImageObject","inLanguage":"fr-FR","@id":"https:\/\/planho.com\/fr\/#\/schema\/logo\/image\/","url":"https:\/\/planho.com\/wp-content\/uploads\/2026\/03\/android-icon-144x144-1.png","contentUrl":"https:\/\/planho.com\/wp-content\/uploads\/2026\/03\/android-icon-144x144-1.png","width":144,"height":144,"caption":"PLANHO Arquitectura e Ingenier\u00eda Hospitalaria"},"image":{"@id":"https:\/\/planho.com\/fr\/#\/schema\/logo\/image\/"},"sameAs":["https:\/\/www.facebook.com\/profile.php?id=100063625540412","https:\/\/www.linkedin.com\/company\/planhoconsultores\/"]}]}},"_links":{"self":[{"href":"https:\/\/planho.com\/fr\/wp-json\/wp\/v2\/pages\/12115","targetHints":{"allow":["GET"]}}],"collection":[{"href":"https:\/\/planho.com\/fr\/wp-json\/wp\/v2\/pages"}],"about":[{"href":"https:\/\/planho.com\/fr\/wp-json\/wp\/v2\/types\/page"}],"author":[{"embeddable":true,"href":"https:\/\/planho.com\/fr\/wp-json\/wp\/v2\/users\/3"}],"replies":[{"embeddable":true,"href":"https:\/\/planho.com\/fr\/wp-json\/wp\/v2\/comments?post=12115"}],"version-history":[{"count":1,"href":"https:\/\/planho.com\/fr\/wp-json\/wp\/v2\/pages\/12115\/revisions"}],"predecessor-version":[{"id":12118,"href":"https:\/\/planho.com\/fr\/wp-json\/wp\/v2\/pages\/12115\/revisions\/12118"}],"wp:attachment":[{"href":"https:\/\/planho.com\/fr\/wp-json\/wp\/v2\/media?parent=12115"}],"curies":[{"name":"wp","href":"https:\/\/api.w.org\/{rel}","templated":true}]}}